{"id":1289,"date":"2024-10-23T08:33:57","date_gmt":"2024-10-23T08:33:57","guid":{"rendered":"http:\/\/1.promulti7.1.prospace.be\/algemene-voorwaarden-2\/"},"modified":"2024-10-23T08:34:08","modified_gmt":"2024-10-23T08:34:08","slug":"algemene-voorwaarden-2","status":"publish","type":"page","link":"https:\/\/apc.be\/fr\/algemene-voorwaarden-2\/","title":{"rendered":"Termes et conditions"},"content":{"rendered":"<div data-elementor-type=\"wp-page\" data-elementor-id=\"1289\" class=\"elementor elementor-1289\" data-elementor-post-type=\"page\">\n\t\t\t\t\t\t<section class=\"elementor-section elementor-top-section elementor-element elementor-element-683f2581 elementor-section-boxed elementor-section-height-default elementor-section-height-default\" data-id=\"683f2581\" data-element_type=\"section\" data-e-type=\"section\">\n\t\t\t\t\t\t<div class=\"elementor-container elementor-column-gap-default\">\n\t\t\t\t\t<div class=\"elementor-column elementor-col-100 elementor-top-column elementor-element elementor-element-47cd7633\" data-id=\"47cd7633\" data-element_type=\"column\" data-e-type=\"column\">\n\t\t\t<div class=\"elementor-widget-wrap elementor-element-populated\">\n\t\t\t\t\t\t<div class=\"elementor-element elementor-element-da67145 elementor-widget elementor-widget-spacer\" data-id=\"da67145\" data-element_type=\"widget\" data-e-type=\"widget\" data-widget_type=\"spacer.default\">\n\t\t\t\t<div class=\"elementor-widget-container\">\n\t\t\t\t\t\t\t<div class=\"elementor-spacer\">\n\t\t\t<div class=\"elementor-spacer-inner\"><\/div>\n\t\t<\/div>\n\t\t\t\t\t\t<\/div>\n\t\t\t\t<\/div>\n\t\t\t\t<div class=\"elementor-element elementor-element-2bf4e1d elementor-widget elementor-widget-heading\" data-id=\"2bf4e1d\" data-element_type=\"widget\" data-e-type=\"widget\" data-widget_type=\"heading.default\">\n\t\t\t\t<div class=\"elementor-widget-container\">\n\t\t\t\t\t<h2 class=\"elementor-heading-title elementor-size-default\">Algemene voorwaarden\u200b<\/h2>\t\t\t\t<\/div>\n\t\t\t\t<\/div>\n\t\t\t\t<div class=\"elementor-element elementor-element-1c493ba2 elementor-widget elementor-widget-text-editor\" data-id=\"1c493ba2\" data-element_type=\"widget\" data-e-type=\"widget\" data-widget_type=\"text-editor.default\">\n\t\t\t\t<div class=\"elementor-widget-container\">\n\t\t\t\t\t\t\t\t\t<h3><span rel=\"font-size: 18px;\" data-verified=\"redactor\" data-redactor-tag=\"span\" data-redactor-style=\"font-size: 18px;\"><strong data-redactor-tag=\"strong\">Bedrijfsinformatie<\/strong><\/span><\/h3><p>Bedrijfsnaam: Autoglas Parts Center BV<br \/>Ondernemingsnummer: BE1001633777<br \/>Vestigingsadres: Boomsesteenweg 946, 2610 Wilrijk, Belgi\u00eb<\/p><p>\u00a0<\/p><h3>Article 1: Dispositions g\u00e9n\u00e9rales<\/h3><p>Cette boutique en ligne offre \u00e0 ses clients la possibilit\u00e9 d\u2019acheter les produits de sa boutique en ligne. Les pr\u00e9sentes conditions g\u00e9n\u00e9rales (\u00ab conditions \u00bb) s\u2019appliquent \u00e0 toute commande pass\u00e9e par un visiteur de cette boutique en ligne (\u00ab client \u00bb). Les conditions g\u00e9n\u00e9rales du client sont exclues, sauf si elles ont \u00e9t\u00e9 accept\u00e9es par \u00e9crit, \u00e0 l\u2019avance et explicitement.<\/p><h3>Article 2: Prix<\/h3><p>Alle vermelde prijzen zijn uitgedrukt in euro en, tenzij anders vermeld, inclusief btw. Indien leverings-, reservatie- of administratieve kosten worden aangerekend, wordt dit apart vermeld.<\/p><p>De opgave van prijs slaat uitsluitend op de artikelen zoals het woordelijk wordt omschreven. De bijhorende foto\u2019s zijn decoratief bedoeld en kunnen elementen bevatten die niet inbegrepen zijn in de prijs.<\/p><h3>Article 3: Offre<\/h3><p>Ondanks het feit dat de online catalogus en de e-commerce webshop met de grootst mogelijke zorgvuldigheid worden samengesteld, is het toch mogelijk dat de aangeboden informatie onvolledig is, materi\u00eble fouten bevat, of niet up-to-date is. Kennelijke vergissingen of fouten in het aanbod zijn niet bindend. De verkoper is in geen geval aansprakelijk ingeval van manifeste materi\u00eble fouten, zet- of drukfouten. Wanneer de Klant specifieke vragen heeft over bv. maten, kleur, beschikbaarheid, leveringstermijn of leveringswijze, verzoeken wij de Klant om vooraf contact op te nemen met onze klantendienst.<\/p><p>Het aanbod geldt steeds zolang de voorraad strekt en kan te allen tijde worden aangepast of ingetrokken. De verkoper kan niet aansprakelijk gesteld worden voor het niet beschikbaar zijn van een product.<\/p><h3>Article 4: Achats en ligne<\/h3><p>De Klant heeft de keuze tussen overschrijving per bankkaart of kredietkaart als betaalwijzen.<\/p><p>De verkoper is gerechtigd een bestelling te weigeren ingevolge een ernstige tekortkoming van de Klant met betrekking tot bestellingen waarbij de Klant betrokken is.<\/p><h3>Article 5: Livraison et ex\u00e9cution du contrat<\/h3><p>Elke zichtbare beschadiging en\/of kwalitatieve tekortkoming van een artikel of andere tekortkoming bij de levering, moeten door de Klant onverwijld worden gemeld.<\/p><p>Het risico wegens verlies of beschadiging gaat over op de Klant vanaf hij (of een door hem aangewezen derde partij, die niet de vervoerder is) de goederen fysiek in bezit heeft gekregen.<\/p><h3>Article 6: R\u00e9serve de propri\u00e9t\u00e9<\/h3><p>Les objets livr\u00e9s restent en place jusqu\u2019au moment de paiement int\u00e9gral par le client, propri\u00e9t\u00e9 exclusive du vendeur.<\/p><h3>Article 7: Droit de r\u00e9tractation<\/h3><p>De bepalingen van dit artikel gelden enkel voor Klanten die in hun hoedanigheid van consument artikelen online aankopen.<\/p><p>De consument heeft het recht om binnen een termijn van 14 kalenderdagen, tenzij anders bepaald, zonder opgave van redenen de overeenkomst te herroepen, gegeven dat het herroepingsrecht van toepassing is op het door de klant bestelde goed of dienst. Om het herroepingsrecht uit te oefenen, moet de Klant, de verkoper via een ondubbelzinnige verklaring (bv. schriftelijk per post of e-mail) tijdig op de hoogte stellen van zijn beslissing de overeenkomst te herroepen. De Klant moet de goederen onmiddellijk terugzenden of overhandigen na zijn beslissing om de overeenkomst te herroepen. De directe kosten van het terugzenden van de goederen komen voor rekening van de Klant tenzij anders overeengekomen.<\/p><p>Indien het teruggestuurde product op een of andere manier in waarde verminderd is, wordt het recht behouden om de Klant aansprakelijk te stellen en schadevergoeding te eisen voor elke waardevermindering. Enkel artikelen die zich in de originele verpakking bevinden, samen met alle toebehoren, gebruiksaanwijzingen en factuur of aankoopbewijs kunnen worden teruggenomen.<\/p><p>In geval de overeenkomst de verrichting van diensten omvat en als de Klant heeft verzocht om de verrichting van diensten te laten beginnen tijdens de herroepingstermijn, betaalt de Klant een bedrag dat evenredig is aan hetgeen op het moment dat hij ons ervan in kennis heeft gesteld dat hij de overeenkomst herroept reeds geleverd is, vergeleken met de volledige uitvoering van de overeenkomst.&#8221;<\/p><h3>Article 8: Garantie<\/h3><p>Krachtens de wet van 21 september 2004 betreffende de bescherming van de consumenten bij verkoop van consumptiegoederen heeft de consument wettelijke rechten. Deze wettelijke garantie geldt vanaf de datum van levering aan de eerste eigenaar. Om een beroep te doen op de garantie, moet de Klant een aankoopbewijs kunnen voorleggen.<\/p><p>De (commerci\u00eble en\/of wettelijke) garantie is nooit van toepassing op defecten die ontstaan ten gevolge van ongelukken, verwaarlozing, valpartijen, gebruik van het artikel in strijd met doel waarvoor het ontworpen werd, het niet naleven van de gebruiksinstructies of handleiding, aanpassingen of wijzigingen aan het artikel, hardhandig gebruik, slecht onderhoud, of elk ander abnormaal of incorrect gebruik.<\/p><h3>Article 9: Penalties for non-payment<\/h3><p>Sans pr\u00e9judice de l\u2019exercice des autres droits, en cas de non-paiement ou de retard de paiement \u00e0 compter de la date du manquement, le Client est redevable d\u2019un int\u00e9r\u00eat sur le non-paiement. montant pay\u00e9. Sans pr\u00e9judice de ce qui pr\u00e9c\u00e8de, le droit de reprendre les articles qui n\u2019ont pas \u00e9t\u00e9 pay\u00e9s (int\u00e9gralement) est conserv\u00e9.<\/p><h3>Article 10: Politique de confidentialit\u00e9<\/h3><p>Le vendeur se r\u00e9serve le droit de l\u2019utiliser exclusivement \u00e0 des fins internes. collecter des donn\u00e9es aupr\u00e8s de l\u2019utilisateur, \u00e0 la fois directement via la collecte des donn\u00e9es fournies par l\u2019utilisateur au moment de la commande et indirectement (par exemple, via l\u2019utilisation de cookies, qui sont de courtes cha\u00eenes de donn\u00e9es sur l\u2019ordinateur de l\u2019utilisateur du site qui permet au vendeur d\u2019adapter de mani\u00e8re optimale le contenu et la pr\u00e9sentation du site \u00e0 l\u2019utilisateur). Ces donn\u00e9es ne seront pas transmises aux organisations contractuellement associ\u00e9es au vendeur. Conform\u00e9ment \u00e0 la loi du 8 d\u00e9cembre 1992 sur la protection de la vie priv\u00e9e \u00e0 l\u2019\u00e9gard des donn\u00e9es \u00e0 caract\u00e8re personnel, l\u2019utilisateur a le droit de visualiser, de modifier, de corriger et de faire supprimer ces donn\u00e9es s\u2019il ne souhaite plus recevoir d\u2019informations concernant des donn\u00e9es \u00e0 caract\u00e8re personnel. nos activit\u00e9s. Pour cela, ils peuvent contacter le service client\u00e8le du vendeur par \u00e9crit.<\/p><h3>Article 11: Validit\u00e9 de validit\u00e9 \u2013 non-annulation<\/h3><p>Si une disposition des pr\u00e9sentes conditions est d\u00e9clar\u00e9e invalide, ill\u00e9gale ou invalide, cela n\u2019affectera en rien la validit\u00e9, la l\u00e9galit\u00e9 et l\u2019applicabilit\u00e9 des autres dispositions. Si le vendeur omet \u00e0 tout moment d\u2019appliquer ou d\u2019exercer l\u2019un quelconque des droits \u00e9num\u00e9r\u00e9s dans les pr\u00e9sentes Conditions g\u00e9n\u00e9rales, ne sera jamais consid\u00e9r\u00e9 comme une renonciation \u00e0 cette disposition et n\u2019affectera jamais la validit\u00e9 de ces droits. .<\/p><h3>Article 12: Modification des conditions<\/h3><p>Ces Conditions sont compl\u00e9t\u00e9es par d\u2019autres conditions qui sont explicitement mentionn\u00e9es, ainsi que les conditions g\u00e9n\u00e9rales de vente du vendeur. En cas de conflit, les pr\u00e9sentes conditions pr\u00e9valent.<\/p><h3>Article 13: Loi applicable<\/h3><p>Le droit belge est applicable. Les tribunaux du lieu de r\u00e9sidence du vendeur sont comp\u00e9tents pour les litiges. Le vendeur peut \u00e9galement se tourner vers la plate-forme ODR.<\/p>\t\t\t\t\t\t\t\t<\/div>\n\t\t\t\t<\/div>\n\t\t\t\t\t<\/div>\n\t\t<\/div>\n\t\t\t\t\t<\/div>\n\t\t<\/section>\n\t\t\t\t<section class=\"elementor-section elementor-top-section elementor-element elementor-element-1ec6271 elementor-section-boxed elementor-section-height-default elementor-section-height-default\" data-id=\"1ec6271\" data-element_type=\"section\" data-e-type=\"section\">\n\t\t\t\t\t\t<div class=\"elementor-container elementor-column-gap-default\">\n\t\t\t\t\t<div class=\"elementor-column elementor-col-100 elementor-top-column elementor-element elementor-element-196db79f\" data-id=\"196db79f\" data-element_type=\"column\" data-e-type=\"column\">\n\t\t\t<div class=\"elementor-widget-wrap elementor-element-populated\">\n\t\t\t\t\t\t<div class=\"elementor-element elementor-element-32fdaea elementor-widget elementor-widget-spacer\" data-id=\"32fdaea\" data-element_type=\"widget\" data-e-type=\"widget\" data-widget_type=\"spacer.default\">\n\t\t\t\t<div class=\"elementor-widget-container\">\n\t\t\t\t\t\t\t<div class=\"elementor-spacer\">\n\t\t\t<div class=\"elementor-spacer-inner\"><\/div>\n\t\t<\/div>\n\t\t\t\t\t\t<\/div>\n\t\t\t\t<\/div>\n\t\t\t\t\t<\/div>\n\t\t<\/div>\n\t\t\t\t\t<\/div>\n\t\t<\/section>\n\t\t\t\t<\/div>","protected":false},"excerpt":{"rendered":"<p>Algemene voorwaarden\u200b Bedrijfsinformatie Bedrijfsnaam: Autoglas Parts Center BVOndernemingsnummer: BE1001633777Vestigingsadres: Boomsesteenweg 946, 2610 Wilrijk, Belgi\u00eb \u00a0 Artikel 1: Algemene bepalingen Deze e-commerce webshop biedt haar klanten de mogelijkheid om de producten uit haar webwinkel online aan te kopen. Onderhavige Algemene Voorwaarden (&#8220;Voorwaarden&#8221;) zijn van toepassing op elke bestelling die geplaatst wordt door een bezoeker van deze [&hellip;]<\/p>\n","protected":false},"author":4,"featured_media":0,"parent":0,"menu_order":0,"comment_status":"closed","ping_status":"closed","template":"","meta":{"_acf_changed":false,"footnotes":""},"class_list":["post-1289","page","type-page","status-publish","hentry"],"acf":[],"_links":{"self":[{"href":"https:\/\/apc.be\/fr\/wp-json\/wp\/v2\/pages\/1289","targetHints":{"allow":["GET"]}}],"collection":[{"href":"https:\/\/apc.be\/fr\/wp-json\/wp\/v2\/pages"}],"about":[{"href":"https:\/\/apc.be\/fr\/wp-json\/wp\/v2\/types\/page"}],"author":[{"embeddable":true,"href":"https:\/\/apc.be\/fr\/wp-json\/wp\/v2\/users\/4"}],"replies":[{"embeddable":true,"href":"https:\/\/apc.be\/fr\/wp-json\/wp\/v2\/comments?post=1289"}],"version-history":[{"count":4,"href":"https:\/\/apc.be\/fr\/wp-json\/wp\/v2\/pages\/1289\/revisions"}],"predecessor-version":[{"id":1369,"href":"https:\/\/apc.be\/fr\/wp-json\/wp\/v2\/pages\/1289\/revisions\/1369"}],"wp:attachment":[{"href":"https:\/\/apc.be\/fr\/wp-json\/wp\/v2\/media?parent=1289"}],"curies":[{"name":"wp","href":"https:\/\/api.w.org\/{rel}","templated":true}]}}